{"id":370,"date":"2022-05-10T18:15:18","date_gmt":"2022-05-10T18:15:18","guid":{"rendered":"http:\/\/localhost\/wordpress\/?page_id=238"},"modified":"2022-08-07T01:32:01","modified_gmt":"2022-08-07T01:32:01","slug":"nos-logiciels-de-gestion","status":"publish","type":"page","link":"https:\/\/ebtikarweb.com\/asmon\/nos-logiciels-de-gestion","title":{"rendered":"Nos logiciels de gestion"},"content":{"rendered":"<h2>Logiciels de gestion et syst\u00e8mes d&rsquo;informations<\/h2>\n<p>Notre \u00e9quipe a travaill\u00e9 sur des centaines de projets de conception et de cr\u00e9ation de logiciels de gestions sur mesure, et de cr\u00e9ation de diff\u00e9rents types de sites web. D\u00e9couvrez certains de nos projets sur cette page!<\/p>\n<ul>\n<li>\n<p>  GESTION COMMERCIAL <\/p>\n<\/li>\n<li>\n<p>GESTION AGRICOL <\/p>\n<\/li>\n<li>\n<p>  GESTION DE PECHE  <\/p>\n<\/li>\n<li>\n<p>GESTION COMMERCIAL ET ADMISSIONS TEMPORAIRE ( IMPORT\/ EXPORT )<\/p>\n<\/li>\n<li>\n<p> GESTION RESTAURANT A CAISSE ENREGISTREUSE<\/p>\n<\/li>\n<li>\n<p>BTP CONSTRUCTION ET BATIMENT<\/p>\n<\/li>\n<li>\n<p> GESTION TRANSITAIRE<\/p>\n<\/li>\n<li>\n<p> D\u00c9STRUBTION DE PRODUITS<\/p>\n<\/li>\n<li>\n<p> LOGICIEL DE GESTION POUR OPTICIEN <\/p>\n<\/li>\n<\/ul>\n<ul><\/ul>\n<figure><img src=\"http:\/\/ebtikarweb.com\/wp-content\/uploads\/2022\/05\/bab-150x150.png\" alt=\"bab\" \/><\/figure>\n<figure><img src=\"http:\/\/ebtikarweb.com\/wp-content\/uploads\/2022\/05\/maga-150x150.png\" alt=\"maga\" \/><\/figure>\n<figure><img src=\"http:\/\/ebtikarweb.com\/wp-content\/uploads\/2022\/05\/bib-150x150.png\" alt=\"bib\" \/><\/figure>\n<p>\t\t\t\t\t\t\t\t\t\t\t\tPr\u00e9c\u00e9dent<br \/>\n\t\t\t\t\t\t\t\t\t\t\t\tSuivant<br \/>\n                    <button id=\"fg-filter-trigger\"><br \/>\n                            Tout<br \/>\n                    <\/button><\/p>\n<ul>\n<li data-filter=\"*\">Tout<\/li>\n<li data-filter=\".eael-cf-cacher\">Cacher<\/li>\n<\/ul>\n<form id=\"fg-layout-3-search-box\" autocomplete=\"off\">\n                    <input type=\"text\" id=\"fg-search-box-input\" name=\"fg-frontend-search\" placeholder=\"chercher un logiciel\" \/><br \/>\n                <\/form>\n<p>                <a href=\"http:\/\/ebtikarweb.com\/wp-content\/uploads\/2022\/05\/609a43e572149-1.webp\" data-elementor-open-lightbox=\"no\"><img src=\"http:\/\/ebtikarweb.com\/wp-content\/uploads\/2022\/05\/609a43e572149-1.webp\" data-lazy-src=\"http:\/\/ebtikarweb.com\/wp-content\/uploads\/2022\/05\/609a43e572149-1.webp\" alt=\"\"><\/a><\/p>\n<h5>GESTION  COMMERCIAL<\/h5>\n<blockquote>\n<ul>\n<li>\n<p><strong>\u00a0Gestion de stock<\/strong><\/p>\n<\/li>\n<li>\n<p><strong>\u00a0Produits<\/strong><\/p>\n<\/li>\n<li>\n<p><strong>Achats<\/strong><\/p>\n<\/li>\n<li>\n<p><strong>Gestion des Ventes<\/strong><\/p>\n<\/li>\n<li>\n<p><strong>Clients et <\/strong><b>Fournisseurs<\/b><\/p>\n<\/li>\n<li>\n<p><strong>\u00a0Gestion des r\u00e8glements<\/strong><\/p>\n<\/li>\n<li>\n<p><strong>\u00a0Devis et Bons <\/strong><strong>de commandes<\/strong><\/p>\n<\/li>\n<li>\n<p><strong>\u00a0Gestion des d\u00e9penses<\/strong><\/p>\n<\/li>\n<li>\n<p><strong>Rapports<\/strong><\/p>\n<\/li>\n<\/ul>\n<\/blockquote>\n<p><a href=\"http:\/\/ebtikarweb.com\/wp-content\/uploads\/2022\/05\/OIP-2.jpg\" data-elementor-open-lightbox=\"no\"><img src=\"http:\/\/ebtikarweb.com\/wp-content\/uploads\/2022\/05\/OIP-2.jpg\" data-lazy-src=\"http:\/\/ebtikarweb.com\/wp-content\/uploads\/2022\/05\/OIP-2.jpg\" alt=\"\"><\/a><\/p>\n<h5>GESTION  AGRICOL<\/h5>\n<blockquote>\n<ul>\n<li>\n<p><strong>Gestion des domaines<\/strong><\/p>\n<\/li>\n<li>\n<p><strong>Gestion des\u00a0<\/strong><b>campagne Agricole<\/b><\/p>\n<\/li>\n<li>\n<p><strong>Gestion de vari\u00e9t\u00e9s<\/strong><\/p>\n<\/li>\n<li>\n<p><strong>Gestion des co\u00fbts <\/strong><strong>par niveaux analytiques<\/strong><\/p>\n<\/li>\n<li>\n<p><strong>Gestion <\/strong><strong>des encaissements<\/strong><\/p>\n<\/li>\n<li>\n<p><strong>Clients et Fournisseur<\/strong><\/p>\n<\/li>\n<li>\n<p><strong>Vente \/Achats <\/strong><strong>et commandes<\/strong><\/p>\n<\/li>\n<li>\n<p><strong>Gestion <\/strong><strong>des d\u00e9caissements<\/strong><\/p>\n<\/li>\n<li>\n<p><strong>Budgets d\u2019achat <\/strong><strong>et de vente<\/strong><\/p>\n<\/li>\n<\/ul>\n<\/blockquote>\n<p><a href=\"http:\/\/ebtikarweb.com\/wp-content\/uploads\/2022\/05\/Gestion-Import-Export1.jpg\" data-elementor-open-lightbox=\"no\"><img src=\"http:\/\/ebtikarweb.com\/wp-content\/uploads\/2022\/05\/Gestion-Import-Export1.jpg\" data-lazy-src=\"http:\/\/ebtikarweb.com\/wp-content\/uploads\/2022\/05\/Gestion-Import-Export1.jpg\" alt=\"\"><\/a><\/p>\n<h5>GESTION  COMMERCIAL ET ADMISSIONS  TEMPORAIRE ( IMPORT\/EXPORT )<\/h5>\n<blockquote>\n<ul>\n<li>\n<p><strong>\u00a0Gestion de stock<\/strong><\/p>\n<\/li>\n<li>\n<p><strong>\u00a0Produits<\/strong><\/p>\n<\/li>\n<li>\n<p><strong>Achats<\/strong><\/p>\n<\/li>\n<li>\n<p><strong>Gestion des Ventes<\/strong><\/p>\n<\/li>\n<li>\n<p><strong>Clients et\u00a0<\/strong><b>Fournisseurs<\/b><\/p>\n<\/li>\n<li>\n<p><strong>\u00a0Gestion des r\u00e8glements<\/strong><\/p>\n<\/li>\n<li>\n<p><strong>\u00a0Devis et Bons de commandes<\/strong><\/p>\n<\/li>\n<li>\n<p><strong>\u00a0Gestion des Admissions <\/strong><strong>Temporaires<\/strong><\/p>\n<\/li>\n<li>\n<p><strong>Mieux g\u00e9rer vos A.T.<\/strong><\/p>\n<\/li>\n<li>\n<p><strong>Gestion des mains <\/strong><strong>lev\u00e9e de vos AT.<\/strong><\/p>\n<\/li>\n<li>\n<p><strong>Gestion des DUM<\/strong><\/p>\n<\/li>\n<li>\n<p><strong>G\u00e9rer les cautions <\/strong><strong>bancaires,<\/strong><\/p>\n<\/li>\n<li>\n<p><strong>Gestion de factures <\/strong><strong>de cessions<\/strong><\/p>\n<\/li>\n<li>\n<p><strong>Avoir les sommiers, <\/strong><strong>la situation g\u00e9n\u00e9rale de vos comptes par nomenclature <\/strong><strong>ou par num\u00e9ro d&rsquo;A.T<\/strong><\/p>\n<\/li>\n<li>\n<p><strong>Apurer vos comptes d&rsquo;At soit par num\u00e9ro d&rsquo;At ou par anciennet\u00e9.<\/strong><\/p>\n<\/li>\n<li>\n<p><strong>Avoir tous le documents n\u00e9cessaires pour faire votre cession ou export.<\/strong><\/p>\n<\/li>\n<\/ul>\n<\/blockquote>\n<p><a href=\"http:\/\/ebtikarweb.com\/wp-content\/uploads\/2022\/05\/R-2.jpg\" data-elementor-open-lightbox=\"no\"><img src=\"http:\/\/ebtikarweb.com\/wp-content\/uploads\/2022\/05\/R-2.jpg\" data-lazy-src=\"http:\/\/ebtikarweb.com\/wp-content\/uploads\/2022\/05\/R-2.jpg\" alt=\"\"><\/a><\/p>\n<h5>GESTION  RESTAURANT  CAISSE  ENREGISTREUSE  + LOGICIEL DE  GESTION<\/h5>\n<blockquote>\n<ul>\n<li>\n<p><strong>\u00a0Gestion de stock<\/strong><\/p>\n<\/li>\n<li>\n<p><strong>Produits de stock<\/strong><\/p>\n<\/li>\n<li>\n<p><strong>Produits de restaurant<\/strong><\/p>\n<p><strong>par fiche\u00a0<\/strong><b>technique<\/b><\/p>\n<\/li>\n<li>\n<p><strong>\u00a0Achats<\/strong><\/p>\n<\/li>\n<li>\n<p><strong>\u00a0Gestion des Ventes<\/strong><\/p>\n<\/li>\n<li>\n<p><strong>\u00a0Clients et <\/strong><b>Fournisseurs<\/b><\/p>\n<\/li>\n<li>\n<p><strong>Gestion des r\u00e8glements<\/strong><\/p>\n<\/li>\n<li>\n<p><strong>Devis et Bons <\/strong><\/p>\n<p><strong>de commandes<\/strong><\/p>\n<\/li>\n<li>\n<p><strong>Gestion des d\u00e9penses<\/strong><\/p>\n<\/li>\n<li>\n<p><strong>Rapports:<\/strong><\/p>\n<\/li>\n<li>\n<p><strong>( Rapport Co\u00fbt et <\/strong><b>b\u00e9n\u00e9fice<\/b><\/p>\n<\/li>\n<li>\n<p><strong>Rapport de <\/strong><b>consommations<\/b><\/p>\n<\/li>\n<li>\n<p><strong>\u00a0Valeurs de ventes<\/strong><\/p>\n<\/li>\n<li>\n<p><b style=\"color: #000080;\">Rapport <\/b><b>Cl\u00f4ture<\/b><b style=\"color: #000080;\"> X<\/b><\/p>\n<\/li>\n<li>\n<p><b style=\"color: #000080;\">Rapport <\/b><b>Cl\u00f4ture<\/b><b style=\"color: #000080;\"> X <\/b><\/p>\n<p><strong>du caissier )<\/strong><\/p>\n<\/li>\n<\/ul>\n<\/blockquote>\n<p><a href=\"http:\/\/ebtikarweb.com\/wp-content\/uploads\/2022\/05\/FOND-ACCUEIL-AGRBTP.jpg\" data-elementor-open-lightbox=\"no\"><img src=\"http:\/\/ebtikarweb.com\/wp-content\/uploads\/2022\/05\/FOND-ACCUEIL-AGRBTP.jpg\" data-lazy-src=\"http:\/\/ebtikarweb.com\/wp-content\/uploads\/2022\/05\/FOND-ACCUEIL-AGRBTP.jpg\" alt=\"\"><\/a><\/p>\n<h5>GESTION BTP<\/h5>\n<blockquote>\n<ul>\n<li>\n<p><strong>GESTION DES CHANTIERS<\/strong><\/p>\n<\/li>\n<li>\n<p><strong>\u00a0GESTION DE PROJETS<\/strong><\/p>\n<\/li>\n<li>\n<p><strong>\u00a0GESTION DES ACHATS<\/strong><\/p>\n<\/li>\n<li>\n<p><strong>GESTION DES DECOMPTES ET REGLEMENTS<\/strong><\/p>\n<\/li>\n<li>\n<p><strong>GESTION DES CHARGES PAR NIVEAUX ANALYTIQUES<\/strong><\/p>\n<\/li>\n<li>\n<p><strong>\u00a0CPC<\/strong><\/p>\n<\/li>\n<li>\n<p><strong>PLAN TR\u00c9SORERIE<\/strong><\/p>\n<\/li>\n<li>\n<p><strong>GESTION DES BUDGETS<\/strong><\/p>\n<\/li>\n<li>\n<p><strong>\u00a0BONS DE COMMANDES ET DEVIS<\/strong><\/p>\n<\/li>\n<li>\n<p><strong>\u00a0CLIENTS ET FOURNISSEURS<\/strong><\/p>\n<\/li>\n<li>\n<p><strong>GESTION DE STOCK<\/strong><\/p>\n<\/li>\n<\/ul>\n<\/blockquote>\n<p><a href=\"http:\/\/ebtikarweb.com\/wp-content\/uploads\/2022\/05\/awesomes-btl01.jpg\" data-elementor-open-lightbox=\"no\"><img src=\"http:\/\/ebtikarweb.com\/wp-content\/uploads\/2022\/05\/awesomes-btl01.jpg\" data-lazy-src=\"http:\/\/ebtikarweb.com\/wp-content\/uploads\/2022\/05\/awesomes-btl01.jpg\" alt=\"\"><\/a><\/p>\n<h5>GESTION TRANSITAIRE<\/h5>\n<blockquote>\n<ul>\n<li>\n<p><strong>\u00a0Gestion des dossiers <\/strong><strong>Import, Export, A\u00e9rien <\/strong><strong>et Maritime, transport <\/strong><strong>avec les documents <\/strong><strong>scann\u00e9s.<\/strong><\/p>\n<\/li>\n<li>\n<p><strong>\u00a0Ventilation des articles <\/strong><strong>des factures pour \u00e9tablir <\/strong><strong>la Dum. <\/strong><\/p>\n<\/li>\n<li>\n<p><strong>\u00a0Suivie des \u00e9tapes <\/strong><strong>des dossiers. <\/strong><\/p>\n<\/li>\n<li>\n<p><strong>\u00a0Journal des dossiers <\/strong><b style=\"color: #000080;\">selon <\/b><b>diff\u00e9rents<\/b><b style=\"color: #000080;\">\u00a0<\/b><b>crit\u00e8res<\/b><b style=\"color: #000080;\">. <\/b><\/p>\n<\/li>\n<li>\n<p><strong>\u00a0Suivie de la rentabilit\u00e9 <\/strong><strong>des dossiers <\/strong><strong>(Recettes\/D\u00e9penses). <\/strong><\/p>\n<\/li>\n<li>\n<p><strong>\u00a0Simplicit\u00e9 de la saisie <\/strong><strong>des articles dans la facture Taxable, non taxable, taxe r\u00e9gionale avec les pieces jointes<\/strong><\/p>\n<\/li>\n<li>\n<p><strong>Traitements et journal <\/strong><strong>des factures et avoirs. <\/strong><\/p>\n<\/li>\n<li>\n<p><strong>Integ\u00e9 \u00e0 la comptabilit\u00e9, ou export du journal vente <\/strong><strong>et taxes \u00e0 la comptabilit\u00e9 <\/strong><strong>(EXCEL)<\/strong><\/p>\n<\/li>\n<li>\n<p><strong>\u00a0Edition de la facture sous diff\u00e9rent formes (format A4, listing,&#8230;).<\/strong><\/p>\n<\/li>\n<\/ul>\n<\/blockquote>\n<p><a href=\"http:\/\/ebtikarweb.com\/wp-content\/uploads\/2022\/05\/quelles-composantes-logistique-1.jpg\" data-elementor-open-lightbox=\"no\"><img src=\"http:\/\/ebtikarweb.com\/wp-content\/uploads\/2022\/05\/quelles-composantes-logistique-1.jpg\" data-lazy-src=\"http:\/\/ebtikarweb.com\/wp-content\/uploads\/2022\/05\/quelles-composantes-logistique-1.jpg\" alt=\"\"><\/a><\/p>\n<h5>GESTION DESTRUBUTION DE PRODUITS<\/h5>\n<blockquote>\n<ul>\n<li>\n<p><strong>\u00a0Gestion des bons <\/strong><strong>de livraison<\/strong><\/p>\n<\/li>\n<li>\n<p><strong>\u00a0Gestion des bons <\/strong><strong>de commande<\/strong><\/p>\n<\/li>\n<li>\n<p><strong>Gestion des bon <\/strong><strong>de retour<\/strong><\/p>\n<\/li>\n<li>\n<p><strong>Suivi des r\u00e8glements <\/strong><strong>des client<\/strong><\/p>\n<\/li>\n<li>\n<p><strong>Gestion des avances<\/strong><\/p>\n<\/li>\n<li>\n<p><strong>\u00a0Impression du ticket <\/strong><strong>contenant l\u2019ensemble <\/strong><strong>du bon.<\/strong><\/p>\n<\/li>\n<li>\n<p><strong>\u00a0Les statistiques d\u00e9taill\u00e9es<\/strong><\/p>\n<\/li>\n<li>\n<p><strong>Calcul automatique <\/strong><strong>de l\u2019addition et du nouveau cr\u00e9dit client.<\/strong><\/p>\n<\/li>\n<li>\n<p><strong>Possibilit\u00e9 de scanner <\/strong><strong>un produit ou de rechercher par cat\u00e9gorie<\/strong><\/p>\n<\/li>\n<\/ul>\n<\/blockquote>\n<p><a href=\"http:\/\/ebtikarweb.com\/wp-content\/uploads\/2022\/05\/DSC01963-1024x682-1.jpg\" data-elementor-open-lightbox=\"no\"><img src=\"http:\/\/ebtikarweb.com\/wp-content\/uploads\/2022\/05\/DSC01963-1024x682-1.jpg\" data-lazy-src=\"http:\/\/ebtikarweb.com\/wp-content\/uploads\/2022\/05\/DSC01963-1024x682-1.jpg\" alt=\"\"><\/a><\/p>\n<h5>GESTION DE PECHE<\/h5>\n<blockquote>\n<ul>\n<li style=\"text-align: left;\">\n<p><strong>Marr\u00e9es de p\u00e8che<\/strong><\/p>\n<\/li>\n<li style=\"text-align: left;\">\n<p><strong>Notes de <\/strong><b>p\u00eaches<\/b><\/p>\n<\/li>\n<li style=\"text-align: left;\">\n<p><strong>Gestion de stock<\/strong><\/p>\n<\/li>\n<li style=\"text-align: left;\">\n<p><strong>Gestion de la maintenance<\/strong><\/p>\n<\/li>\n<li style=\"text-align: left;\">\n<p><strong>Suivi de la qualit\u00e9<\/strong><\/p>\n<\/li>\n<li style=\"text-align: left;\">\n<p><strong>Gasoil et lubrifiants<\/strong><\/p>\n<\/li>\n<li style=\"text-align: left;\">\n<p><strong>Rapports<\/strong><\/p>\n<\/li>\n<li style=\"text-align: left;\">\n<p><strong>Marr\u00e9es et Notes <\/strong><strong>de p\u00e8che<\/strong><\/p>\n<\/li>\n<li style=\"text-align: left;\">\n<p><strong>Suivi de production <\/strong><b>hebdomadaire<\/b><\/p>\n<\/li>\n<li style=\"text-align: left;\">\n<p><strong>\u00a0Gestion de stock <\/strong><strong>des bateaux<\/strong><\/p>\n<\/li>\n<li style=\"text-align: left;\">\n<p><strong>\u00a0Gestion et suivi de la qualit\u00e9<\/strong><\/p>\n<\/li>\n<li style=\"text-align: left;\">\n<p><strong>\u00a0Gestion de <\/strong><strong>la maintenance<\/strong><\/p>\n<\/li>\n<li style=\"text-align: left;\">\n<p><strong>Consommation gasoil <\/strong><strong>et lubrifiants<\/strong><\/p>\n<\/li>\n<li style=\"text-align: left;\">\n<p><strong>Bateaux et Esp\u00e8ces poissons<\/strong><\/p>\n<\/li>\n<\/ul>\n<\/blockquote>\n","protected":false},"excerpt":{"rendered":"<p>Logiciels de gestion et syst\u00e8mes d&rsquo;informations Notre \u00e9quipe a travaill\u00e9 sur des centaines de projets de conception et de cr\u00e9ation de logiciels de gestions sur mesure,<span class=\"excerpt-hellip\"> [\u2026]<\/span><\/p>\n","protected":false},"author":5,"featured_media":0,"parent":0,"menu_order":0,"comment_status":"closed","ping_status":"closed","template":"","meta":[],"_links":{"self":[{"href":"https:\/\/ebtikarweb.com\/asmon\/wp-json\/wp\/v2\/pages\/370"}],"collection":[{"href":"https:\/\/ebtikarweb.com\/asmon\/wp-json\/wp\/v2\/pages"}],"about":[{"href":"https:\/\/ebtikarweb.com\/asmon\/wp-json\/wp\/v2\/types\/page"}],"author":[{"embeddable":true,"href":"https:\/\/ebtikarweb.com\/asmon\/wp-json\/wp\/v2\/users\/5"}],"replies":[{"embeddable":true,"href":"https:\/\/ebtikarweb.com\/asmon\/wp-json\/wp\/v2\/comments?post=370"}],"version-history":[{"count":121,"href":"https:\/\/ebtikarweb.com\/asmon\/wp-json\/wp\/v2\/pages\/370\/revisions"}],"predecessor-version":[{"id":1463,"href":"https:\/\/ebtikarweb.com\/asmon\/wp-json\/wp\/v2\/pages\/370\/revisions\/1463"}],"wp:attachment":[{"href":"https:\/\/ebtikarweb.com\/asmon\/wp-json\/wp\/v2\/media?parent=370"}],"curies":[{"name":"wp","href":"https:\/\/api.w.org\/{rel}","templated":true}]}}