{"id":377,"date":"2019-08-12T13:15:39","date_gmt":"2019-08-12T13:15:39","guid":{"rendered":"https:\/\/themes.muffingroup.com\/be\/seo3\/?page_id=2"},"modified":"2022-08-07T00:10:50","modified_gmt":"2022-08-07T00:10:50","slug":"home-2","status":"publish","type":"page","link":"https:\/\/ebtikarweb.com\/asmon\/home-2","title":{"rendered":"Home"},"content":{"rendered":"<h2>Pourquoi nous choisiriez-vous pour cr\u00e9er vos logiciels de gestion sur mesure ?<\/h2>\n<p>Notre \u00e9quipe d&rsquo;experts poss\u00e9dant une v\u00e9ritable expertise dans la cr\u00e9ation de logiciels sur mesure est \u00e0 votre \u00e9coute pour bien comprendre vos besoins. Nous r\u00e9pondons en concevant des logiciels et des applications informatiques sur mesure. Bien entendu, notre travail est \u00e9volutif et peut \u00eatre adapt\u00e9 \u00e0 votre activit\u00e9.<\/p>\n<ul>\n<li>\n\t\t\t\t\t\t\t\t\t\tNon seulement la qualit\u00e9 de service, le savoir-faire et les comp\u00e9tences, mais aussi les connaissances li\u00e9es au d\u00e9veloppement logiciel peuvent \u00eatre librement utilis\u00e9es\n\t\t\t\t\t\t\t\t\t<\/li>\n<li>\n\t\t\t\t\t\t\t\t\t\tEn d\u00e9l\u00e9guant le d\u00e9veloppement de  logiciels individuels \u00e0 nos experts, vous pouvez vous concentrer sur votre c\u0153ur de m\u00e9tier et gagner du temps.\n\t\t\t\t\t\t\t\t\t<\/li>\n<li>\n\t\t\t\t\t\t\t\t\t\tC&rsquo;est rentable et l&rsquo;externalisation de la cr\u00e9ation de  logiciels personnalis\u00e9s \u00e0 une soci\u00e9t\u00e9 de d\u00e9veloppement informatique offre les avantages d&rsquo;une \u00e9quipe enti\u00e8re dot\u00e9e de  comp\u00e9tences interdisciplinaires, beaucoup moins cher que l&#8217;embauche d&rsquo;un d\u00e9veloppeur interne.\n\t\t\t\t\t\t\t\t\t<\/li>\n<li>\n\t\t\t\t\t\t\t\t\t\tNotre mission est de fournir une solution puissante et durable, elle comprend donc la surveillance, la mise \u00e0 jour et la maintenance.\n\t\t\t\t\t\t\t\t\t<\/li>\n<\/ul>\n<h2>Confiez-nous le d\u00e9veloppement de vos diff\u00e9rents projets  <\/h2>\n<ul id=\"eael-feature-list-bc7c52b\">\n<li>\n<h3\t\t\t\t\t\t\t>LOGICIELS ET SYSTEMES D\u2019INFORMATIONS<\/h3\t\t\t\t\t\t>\n<\/p>\n<\/li>\n<li>\n<h3\t\t\t\t\t\t\t>HEBERGEMENT ET CREATION DE SITE WEB<\/h3\t\t\t\t\t\t>\n<p>SITE WEB VITRINE &#8211; E-COMMERCE &#8211; SUR MESURE\n<\/p>\n<\/li>\n<li>\n<h3\t\t\t\t\t\t\t> Outils de marketing<\/h3\t\t\t\t\t\t>\n<\/p>\n<\/li>\n<\/ul>\n<p>\t\t\t\t+<br \/>\n\t\t\t\t0<br \/>\n\t\t\t\t\t\t\tProjets livr\u00e9s<br \/>\n\t\t\t\t+<br \/>\n\t\t\t\t0<br \/>\n\t\t\t\t\t\t\tclients satisfaits<br \/>\n\t\t\t\t+<br \/>\n\t\t\t\t0<br \/>\n\t\t\t\t\t\t\tservices oufferts<\/p>\n<h2>Raisons de choisir  un logiciel sur mesure<\/h2>\n<p>Les logiciels qui prennent en charge les syst\u00e8mes d&rsquo;information ont un impact significatif sur le succ\u00e8s. Atteindre ces objectifs peut \u00eatre tr\u00e8s difficile si les ressources du sites internet sont rares, ou si les logiciels m\u00e9tiers ne semblent pas r\u00e9pondre \u00e0 vos besoins.<\/p>\n<p>A l&rsquo;inverse, un logiciel totalement int\u00e9gr\u00e9 \u00e0 une entreprise peut \u00eatre un atout non n\u00e9gligeable, et pour le d\u00e9veloppement sur mesure, un logiciel sp\u00e9cifique peut \u00eatre un facteur de comp\u00e9titivit\u00e9 non n\u00e9gligeable pour l&rsquo;entreprise.<\/p>\n<ul>\n<li>\n\t\t\t\t\t\t\t\t\t\tLe logiciel de gestion r\u00e9pond pleinement aux sp\u00e9cifications du client, s&rsquo;int\u00e8gre aux processus existants, simplifie les syst\u00e8mes informatiques tout en augmentant la productivit\u00e9 des utilisateurs.\n\t\t\t\t\t\t\t\t\t<\/li>\n<li>\n\t\t\t\t\t\t\t\t\t\tAujourd&rsquo;hui, les employ\u00e9s utilisent des logiciels con\u00e7us pour optimiser l&rsquo;exp\u00e9rience utilisateur et ne contenant pas de fonctionnalit\u00e9s suppl\u00e9mentaires susceptibles de semer la confusion ou la suspicion.\n\t\t\t\t\t\t\t\t\t<\/li>\n<li>\n\t\t\t\t\t\t\t\t\t\tVous pouvez vous appuyer sur des logiciels m\u00e9tiers tr\u00e8s performants, qui pr\u00e9sentent des avantages comp\u00e9titifs ind\u00e9niables.\n\t\t\t\t\t\t\t\t\t<\/li>\n<li>\n\t\t\t\t\t\t\t\t\t\tVous serez le propri\u00e9taire de votre logiciel, vous pouvez donc \u00eatre s\u00fbr que vous ne pouvez utiliser que l&rsquo;application pour laquelle vous avez demand\u00e9 la personnalisation.\n\t\t\t\t\t\t\t\t\t<\/li>\n<\/ul>\n<h2>Les \u00e9tapes de d\u00e9veloppement d&rsquo;un logiciel sur mesure<\/h2>\n<p>voici un r\u00e9sum\u00e9 pour l\u2019essentiel des phases que comportent ce cycle de d\u00e9veloppement de logiciels:<\/p>\n<h4>1.Planification<\/h4>\n<p>Cette phase de lancement du projet pr\u00e9pare le terrain pour l&rsquo;estimation du projet avec une connaissance approfondie des besoins et des objectifs souhait\u00e9s. Abordez avec vous divers aspects dans des discussions exploratoires ou analytiques. Elle tient compte du contexte m\u00e9tier, des \u00e9volutions technologiques, et des connaissances des utilisateurs internes\/externes. Tout cela vous permet de comprendre les risques et les enjeux afin de mieux \u00e9valuer les co\u00fbts et les plans de votre projet.<\/p>\n<p>\t\t\t\t\t\t\t\t\t\t\t\t\t\t\t<img width=\"469\" height=\"369\" src=\"http:\/\/ebtikarweb.com\/wp-content\/uploads\/2022\/05\/istockphoto-1155211680-170667a.jpg\" alt=\"\" loading=\"lazy\" srcset=\"http:\/\/ebtikarweb.com\/wp-content\/uploads\/2022\/05\/istockphoto-1155211680-170667a.jpg 469w, http:\/\/ebtikarweb.com\/wp-content\/uploads\/2022\/05\/istockphoto-1155211680-170667a-300x236.jpg 300w, http:\/\/ebtikarweb.com\/wp-content\/uploads\/2022\/05\/istockphoto-1155211680-170667a-186x146.jpg 186w, http:\/\/ebtikarweb.com\/wp-content\/uploads\/2022\/05\/istockphoto-1155211680-170667a-50x39.jpg 50w, http:\/\/ebtikarweb.com\/wp-content\/uploads\/2022\/05\/istockphoto-1155211680-170667a-95x75.jpg 95w\" sizes=\"(max-width: 469px) 100vw, 469px\" \/>\t\t\t\t\t\t\t\t\t\t\t\t\t\t\t<\/p>\n<h4>2.Les requis<\/h4>\n<p>Dans cette \u00e9tape, vous obtenez les points soulign\u00e9s dans l&rsquo;\u00e9tape de planification et ajoutez une couche de pr\u00e9cision pour cr\u00e9er un inventaire complet des besoins et des objectifs du client. Ces affichages sont d\u00e9taill\u00e9s dans la capacit\u00e9 \u00e0 hi\u00e9rarchiser les \u00e9quipes (via des sprints) pour la conception et le d\u00e9veloppement.<\/p>\n<p>\t\t\t\t\t\t\t\t\t\t\t\t\t\t\t<img width=\"400\" height=\"400\" src=\"http:\/\/ebtikarweb.com\/wp-content\/uploads\/2022\/05\/stabilite.png\" alt=\"\" loading=\"lazy\" srcset=\"http:\/\/ebtikarweb.com\/wp-content\/uploads\/2022\/05\/stabilite.png 400w, http:\/\/ebtikarweb.com\/wp-content\/uploads\/2022\/05\/stabilite-300x300.png 300w, http:\/\/ebtikarweb.com\/wp-content\/uploads\/2022\/05\/stabilite-150x150.png 150w, http:\/\/ebtikarweb.com\/wp-content\/uploads\/2022\/05\/stabilite-146x146.png 146w, http:\/\/ebtikarweb.com\/wp-content\/uploads\/2022\/05\/stabilite-50x50.png 50w, http:\/\/ebtikarweb.com\/wp-content\/uploads\/2022\/05\/stabilite-75x75.png 75w, http:\/\/ebtikarweb.com\/wp-content\/uploads\/2022\/05\/stabilite-85x85.png 85w, http:\/\/ebtikarweb.com\/wp-content\/uploads\/2022\/05\/stabilite-80x80.png 80w\" sizes=\"(max-width: 400px) 100vw, 400px\" \/>\t\t\t\t\t\t\t\t\t\t\t\t\t\t\t<\/p>\n<h4>3.Le design et le prototypage<\/h4>\n<p>Une fois les exigences clairement d\u00e9finies, cette phase cr\u00e9e un sch\u00e9ma de l&rsquo;architecture de la solution. Il peut prendre diverses formes. Par exemple, vous pouvez d\u00e9crire l&rsquo;architecture technique (mat\u00e9rielle et logicielle), les diff\u00e9rents services et applications, ou les interfaces avec les sources de donn\u00e9es. De plus, l&rsquo;analyse de l&rsquo;exp\u00e9rience utilisateur vous permet de construire des mod\u00e8les fonctionnels (wireframes) pour valider l&rsquo;utilisation efficace des fonctionnalit\u00e9s visuelles (interface utilisateur), de l&rsquo;ergonomie et de la navigation dans le logiciel. Diverses preuves de concept peuvent conduire \u00e0 des prototypes. Il est donc valid\u00e9 et test\u00e9 sur le front end (front end) avant de passer au niveau suivan<b>t.<\/b>.<\/p>\n<p>\t\t\t\t\t\t\t\t\t\t\t\t\t\t\t<img width=\"741\" height=\"550\" src=\"http:\/\/ebtikarweb.com\/wp-content\/uploads\/2022\/05\/feat9.png\" alt=\"\" loading=\"lazy\" srcset=\"http:\/\/ebtikarweb.com\/wp-content\/uploads\/2022\/05\/feat9.png 741w, http:\/\/ebtikarweb.com\/wp-content\/uploads\/2022\/05\/feat9-300x223.png 300w, http:\/\/ebtikarweb.com\/wp-content\/uploads\/2022\/05\/feat9-197x146.png 197w, http:\/\/ebtikarweb.com\/wp-content\/uploads\/2022\/05\/feat9-50x37.png 50w, http:\/\/ebtikarweb.com\/wp-content\/uploads\/2022\/05\/feat9-101x75.png 101w\" sizes=\"(max-width: 741px) 100vw, 741px\" \/>\t\t\t\t\t\t\t\t\t\t\t\t\t\t\t<\/p>\n<h4>4.Le d\u00e9veloppement <\/h4>\n<p>Comme son nom l&rsquo;indique, c&rsquo;est la phase dans laquelle le d\u00e9veloppeur code la solution (front end et back end) et connecte les interfaces pour atteindre les objectifs d\u00e9finis. Dans le cadre d&rsquo;une m\u00e9thodologie agile, il s&rsquo;agit d&rsquo;un processus it\u00e9ratif. Les clients peuvent suivre, tester et approuver les fonctionnalit\u00e9s programm\u00e9es et \u00e0 venir. Cela nous permet de fournir des solutions op\u00e9rationnelles qui r\u00e9pondent aux exigences que Sprint priorise.<\/p>\n<p>\t\t\t\t\t\t\t\t\t\t\t\t\t\t\t<img width=\"940\" height=\"1024\" src=\"http:\/\/ebtikarweb.com\/wp-content\/uploads\/2022\/05\/salesforce-activity-monitoring-940x1024.png\" alt=\"\" loading=\"lazy\" srcset=\"http:\/\/ebtikarweb.com\/wp-content\/uploads\/2022\/05\/salesforce-activity-monitoring-940x1024.png 940w, http:\/\/ebtikarweb.com\/wp-content\/uploads\/2022\/05\/salesforce-activity-monitoring-275x300.png 275w, http:\/\/ebtikarweb.com\/wp-content\/uploads\/2022\/05\/salesforce-activity-monitoring-768x836.png 768w, http:\/\/ebtikarweb.com\/wp-content\/uploads\/2022\/05\/salesforce-activity-monitoring-134x146.png 134w, http:\/\/ebtikarweb.com\/wp-content\/uploads\/2022\/05\/salesforce-activity-monitoring-46x50.png 46w, http:\/\/ebtikarweb.com\/wp-content\/uploads\/2022\/05\/salesforce-activity-monitoring-69x75.png 69w, http:\/\/ebtikarweb.com\/wp-content\/uploads\/2022\/05\/salesforce-activity-monitoring.png 1000w\" sizes=\"(max-width: 940px) 100vw, 940px\" \/>\t\t\t\t\t\t\t\t\t\t\t\t\t\t\t<\/p>\n<h4>5.Phase de test<\/h4>\n<p>Au cours de la phase de d\u00e9veloppement, diff\u00e9rents tests ont ajust\u00e9 le rythme de la solution pour v\u00e9rifier le comportement et les fonctionnalit\u00e9s de la solution. Les \u00e9quipes et les clients suivent le plan de test et les r\u00e9sultats sont v\u00e9rifi\u00e9s. Tout se fait dans un environnement de test ou de \u00ab\u00a0mise en sc\u00e8ne\u00a0\u00bb o\u00f9 la solution finale n&rsquo;entre pas en production. Dans cette phase, il y a un retour continu entre l&rsquo;assurance qualit\u00e9 et les d\u00e9veloppeurs pour \u00e9liminer les erreurs (bogues). Lorsque vous passez votre solution en production, la phase de d\u00e9ploiement est d\u00e9j\u00e0 configur\u00e9e.<\/p>\n<p>\t\t\t\t\t\t\t\t\t\t\t\t\t\t\t<img width=\"500\" height=\"356\" src=\"http:\/\/ebtikarweb.com\/wp-content\/uploads\/2022\/05\/software-testing-phases-1.jpg\" alt=\"\" loading=\"lazy\" srcset=\"http:\/\/ebtikarweb.com\/wp-content\/uploads\/2022\/05\/software-testing-phases-1.jpg 500w, http:\/\/ebtikarweb.com\/wp-content\/uploads\/2022\/05\/software-testing-phases-1-300x214.jpg 300w, http:\/\/ebtikarweb.com\/wp-content\/uploads\/2022\/05\/software-testing-phases-1-205x146.jpg 205w, http:\/\/ebtikarweb.com\/wp-content\/uploads\/2022\/05\/software-testing-phases-1-50x36.jpg 50w, http:\/\/ebtikarweb.com\/wp-content\/uploads\/2022\/05\/software-testing-phases-1-105x75.jpg 105w\" sizes=\"(max-width: 500px) 100vw, 500px\" \/>\t\t\t\t\t\t\t\t\t\t\t\t\t\t\t<\/p>\n<h4>6.Le d\u00e9ploiement<\/h4>\n<p>Le d\u00e9ploiement marque la fin du d\u00e9veloppement et des tests de logiciels. Cette phase consiste \u00e0 transf\u00e9rer la solution vers un environnement client ou de production. Des m\u00e9canismes d&rsquo;alerte et de contr\u00f4le sont configur\u00e9s pour la phase de maintenance.<\/p>\n<p>\t\t\t\t\t\t\t\t\t\t\t\t\t\t\t<img width=\"500\" height=\"424\" src=\"http:\/\/ebtikarweb.com\/wp-content\/uploads\/2022\/05\/cobros-tarjetas-de-credito.png\" alt=\"\" loading=\"lazy\" srcset=\"http:\/\/ebtikarweb.com\/wp-content\/uploads\/2022\/05\/cobros-tarjetas-de-credito.png 500w, http:\/\/ebtikarweb.com\/wp-content\/uploads\/2022\/05\/cobros-tarjetas-de-credito-300x254.png 300w, http:\/\/ebtikarweb.com\/wp-content\/uploads\/2022\/05\/cobros-tarjetas-de-credito-172x146.png 172w, http:\/\/ebtikarweb.com\/wp-content\/uploads\/2022\/05\/cobros-tarjetas-de-credito-50x42.png 50w, http:\/\/ebtikarweb.com\/wp-content\/uploads\/2022\/05\/cobros-tarjetas-de-credito-88x75.png 88w\" sizes=\"(max-width: 500px) 100vw, 500px\" \/>\t\t\t\t\t\t\t\t\t\t\t\t\t\t\t<\/p>\n<h2>Nos clients<\/h2>\n<p>\t\t\t\t\t\t\t\t\t\t\t\t\t\t\t<img width=\"1024\" height=\"586\" src=\"http:\/\/ebtikarweb.com\/wp-content\/uploads\/2022\/06\/IMG-20220611-WA0011-1024x586.jpg\" alt=\"\" loading=\"lazy\" srcset=\"http:\/\/ebtikarweb.com\/wp-content\/uploads\/2022\/06\/IMG-20220611-WA0011-1024x586.jpg 1024w, http:\/\/ebtikarweb.com\/wp-content\/uploads\/2022\/06\/IMG-20220611-WA0011-300x172.jpg 300w, http:\/\/ebtikarweb.com\/wp-content\/uploads\/2022\/06\/IMG-20220611-WA0011-768x439.jpg 768w, http:\/\/ebtikarweb.com\/wp-content\/uploads\/2022\/06\/IMG-20220611-WA0011-255x146.jpg 255w, http:\/\/ebtikarweb.com\/wp-content\/uploads\/2022\/06\/IMG-20220611-WA0011-50x29.jpg 50w, http:\/\/ebtikarweb.com\/wp-content\/uploads\/2022\/06\/IMG-20220611-WA0011-131x75.jpg 131w, http:\/\/ebtikarweb.com\/wp-content\/uploads\/2022\/06\/IMG-20220611-WA0011.jpg 1219w\" sizes=\"(max-width: 1024px) 100vw, 1024px\" \/><br \/>\n\t\t\t\t\t\t\t\t\t\t\t\t\t\t\t<img width=\"1024\" height=\"318\" src=\"http:\/\/ebtikarweb.com\/wp-content\/uploads\/2022\/06\/IMG-20220611-WA0010-1-1024x318.jpg\" alt=\"\" loading=\"lazy\" srcset=\"http:\/\/ebtikarweb.com\/wp-content\/uploads\/2022\/06\/IMG-20220611-WA0010-1-1024x318.jpg 1024w, http:\/\/ebtikarweb.com\/wp-content\/uploads\/2022\/06\/IMG-20220611-WA0010-1-300x93.jpg 300w, http:\/\/ebtikarweb.com\/wp-content\/uploads\/2022\/06\/IMG-20220611-WA0010-1-768x239.jpg 768w, http:\/\/ebtikarweb.com\/wp-content\/uploads\/2022\/06\/IMG-20220611-WA0010-1-260x81.jpg 260w, http:\/\/ebtikarweb.com\/wp-content\/uploads\/2022\/06\/IMG-20220611-WA0010-1-50x16.jpg 50w, http:\/\/ebtikarweb.com\/wp-content\/uploads\/2022\/06\/IMG-20220611-WA0010-1-150x47.jpg 150w, http:\/\/ebtikarweb.com\/wp-content\/uploads\/2022\/06\/IMG-20220611-WA0010-1.jpg 1072w\" sizes=\"(max-width: 1024px) 100vw, 1024px\" \/><br \/>\n\t\t\t\t\t\t\t\t\t\t\t\t\t\t\t<img width=\"261\" height=\"54\" src=\"http:\/\/ebtikarweb.com\/wp-content\/uploads\/2022\/06\/IMG-20220611-WA0007.jpg\" alt=\"\" loading=\"lazy\" srcset=\"http:\/\/ebtikarweb.com\/wp-content\/uploads\/2022\/06\/IMG-20220611-WA0007.jpg 261w, http:\/\/ebtikarweb.com\/wp-content\/uploads\/2022\/06\/IMG-20220611-WA0007-50x10.jpg 50w, http:\/\/ebtikarweb.com\/wp-content\/uploads\/2022\/06\/IMG-20220611-WA0007-150x31.jpg 150w\" sizes=\"(max-width: 261px) 100vw, 261px\" \/><br \/>\n\t\t\t\t\t\t\t\t\t\t\t\t\t\t\t<img width=\"990\" height=\"642\" src=\"http:\/\/ebtikarweb.com\/wp-content\/uploads\/2022\/06\/IMG-20220611-WA0009.jpg\" alt=\"\" loading=\"lazy\" srcset=\"http:\/\/ebtikarweb.com\/wp-content\/uploads\/2022\/06\/IMG-20220611-WA0009.jpg 990w, http:\/\/ebtikarweb.com\/wp-content\/uploads\/2022\/06\/IMG-20220611-WA0009-300x195.jpg 300w, http:\/\/ebtikarweb.com\/wp-content\/uploads\/2022\/06\/IMG-20220611-WA0009-768x498.jpg 768w, http:\/\/ebtikarweb.com\/wp-content\/uploads\/2022\/06\/IMG-20220611-WA0009-225x146.jpg 225w, http:\/\/ebtikarweb.com\/wp-content\/uploads\/2022\/06\/IMG-20220611-WA0009-50x32.jpg 50w, http:\/\/ebtikarweb.com\/wp-content\/uploads\/2022\/06\/IMG-20220611-WA0009-116x75.jpg 116w\" sizes=\"(max-width: 990px) 100vw, 990px\" \/><br \/>\n\t\t\t\t\t\t\t\t\t\t\t\t\t\t\t<img width=\"300\" height=\"168\" src=\"http:\/\/ebtikarweb.com\/wp-content\/uploads\/2022\/06\/IMG-20220611-WA0012.jpg\" alt=\"\" loading=\"lazy\" srcset=\"http:\/\/ebtikarweb.com\/wp-content\/uploads\/2022\/06\/IMG-20220611-WA0012.jpg 300w, http:\/\/ebtikarweb.com\/wp-content\/uploads\/2022\/06\/IMG-20220611-WA0012-260x146.jpg 260w, http:\/\/ebtikarweb.com\/wp-content\/uploads\/2022\/06\/IMG-20220611-WA0012-50x28.jpg 50w, http:\/\/ebtikarweb.com\/wp-content\/uploads\/2022\/06\/IMG-20220611-WA0012-134x75.jpg 134w\" sizes=\"(max-width: 300px) 100vw, 300px\" \/><br \/>\n\t\t\t\t\t\t\t\t\t\t\t\t\t\t\t<img width=\"225\" height=\"225\" src=\"http:\/\/ebtikarweb.com\/wp-content\/uploads\/2022\/06\/IMG-20220611-WA0013.jpg\" alt=\"\" loading=\"lazy\" srcset=\"http:\/\/ebtikarweb.com\/wp-content\/uploads\/2022\/06\/IMG-20220611-WA0013.jpg 225w, http:\/\/ebtikarweb.com\/wp-content\/uploads\/2022\/06\/IMG-20220611-WA0013-150x150.jpg 150w, http:\/\/ebtikarweb.com\/wp-content\/uploads\/2022\/06\/IMG-20220611-WA0013-146x146.jpg 146w, http:\/\/ebtikarweb.com\/wp-content\/uploads\/2022\/06\/IMG-20220611-WA0013-50x50.jpg 50w, http:\/\/ebtikarweb.com\/wp-content\/uploads\/2022\/06\/IMG-20220611-WA0013-75x75.jpg 75w, http:\/\/ebtikarweb.com\/wp-content\/uploads\/2022\/06\/IMG-20220611-WA0013-85x85.jpg 85w, http:\/\/ebtikarweb.com\/wp-content\/uploads\/2022\/06\/IMG-20220611-WA0013-80x80.jpg 80w\" sizes=\"(max-width: 225px) 100vw, 225px\" \/><br \/>\n\t\t\t\t\t\t\t\t\t\t\t\t\t\t\t<img width=\"380\" height=\"101\" src=\"http:\/\/ebtikarweb.com\/wp-content\/uploads\/2022\/06\/IMG-20220611-WA0005.jpg\" alt=\"\" loading=\"lazy\" srcset=\"http:\/\/ebtikarweb.com\/wp-content\/uploads\/2022\/06\/IMG-20220611-WA0005.jpg 380w, http:\/\/ebtikarweb.com\/wp-content\/uploads\/2022\/06\/IMG-20220611-WA0005-300x80.jpg 300w, http:\/\/ebtikarweb.com\/wp-content\/uploads\/2022\/06\/IMG-20220611-WA0005-260x69.jpg 260w, http:\/\/ebtikarweb.com\/wp-content\/uploads\/2022\/06\/IMG-20220611-WA0005-50x13.jpg 50w, http:\/\/ebtikarweb.com\/wp-content\/uploads\/2022\/06\/IMG-20220611-WA0005-150x40.jpg 150w\" sizes=\"(max-width: 380px) 100vw, 380px\" \/><br \/>\n\t\t\t\t\t\t\t\t\t\t\t\t\t\t\t<img width=\"425\" height=\"313\" src=\"http:\/\/ebtikarweb.com\/wp-content\/uploads\/2022\/06\/IMG-20220611-WA0006.jpg\" alt=\"\" loading=\"lazy\" srcset=\"http:\/\/ebtikarweb.com\/wp-content\/uploads\/2022\/06\/IMG-20220611-WA0006.jpg 425w, http:\/\/ebtikarweb.com\/wp-content\/uploads\/2022\/06\/IMG-20220611-WA0006-300x221.jpg 300w, http:\/\/ebtikarweb.com\/wp-content\/uploads\/2022\/06\/IMG-20220611-WA0006-198x146.jpg 198w, http:\/\/ebtikarweb.com\/wp-content\/uploads\/2022\/06\/IMG-20220611-WA0006-50x37.jpg 50w, http:\/\/ebtikarweb.com\/wp-content\/uploads\/2022\/06\/IMG-20220611-WA0006-102x75.jpg 102w\" sizes=\"(max-width: 425px) 100vw, 425px\" \/><br \/>\n\t\t\t\t\t\t\t\t\t\t\t\t\t\t\t<img width=\"692\" height=\"625\" src=\"http:\/\/ebtikarweb.com\/wp-content\/uploads\/2022\/06\/IMG-20220611-WA0008.jpg\" alt=\"\" loading=\"lazy\" srcset=\"http:\/\/ebtikarweb.com\/wp-content\/uploads\/2022\/06\/IMG-20220611-WA0008.jpg 692w, http:\/\/ebtikarweb.com\/wp-content\/uploads\/2022\/06\/IMG-20220611-WA0008-300x271.jpg 300w, http:\/\/ebtikarweb.com\/wp-content\/uploads\/2022\/06\/IMG-20220611-WA0008-162x146.jpg 162w, http:\/\/ebtikarweb.com\/wp-content\/uploads\/2022\/06\/IMG-20220611-WA0008-50x45.jpg 50w, http:\/\/ebtikarweb.com\/wp-content\/uploads\/2022\/06\/IMG-20220611-WA0008-83x75.jpg 83w\" sizes=\"(max-width: 692px) 100vw, 692px\" \/>\t\t\t\t\t\t\t\t\t\t\t\t\t\t\t<\/p>\n<h2>veuillez cr\u00e9er vos logiciels de gestion avec nous! <\/h2>\n<p>            <a href=\"http:\/\/ebtikarweb.com\/contact-us-2\/\" data-text=\"bienvenue\"><br \/>\n                    Contactez nous<br \/>\n            <\/a><\/p>\n<p>Rejoignez-nous<\/p>\n<p><strong>Newsletter<\/strong><\/p>\n<p>[contact-form-7 id=\u00a0\u00bb57&Prime; title=\u00a0\u00bbNewsletter\u00a0\u00bb]<\/p>\n","protected":false},"excerpt":{"rendered":"<p>Pourquoi nous choisiriez-vous pour cr\u00e9er vos logiciels de gestion sur mesure ? Notre \u00e9quipe d&rsquo;experts poss\u00e9dant une v\u00e9ritable expertise dans la cr\u00e9ation de logiciels sur mesure<span class=\"excerpt-hellip\"> [\u2026]<\/span><\/p>\n","protected":false},"author":5,"featured_media":0,"parent":0,"menu_order":0,"comment_status":"closed","ping_status":"open","template":"","meta":[],"_links":{"self":[{"href":"https:\/\/ebtikarweb.com\/asmon\/wp-json\/wp\/v2\/pages\/377"}],"collection":[{"href":"https:\/\/ebtikarweb.com\/asmon\/wp-json\/wp\/v2\/pages"}],"about":[{"href":"https:\/\/ebtikarweb.com\/asmon\/wp-json\/wp\/v2\/types\/page"}],"author":[{"embeddable":true,"href":"https:\/\/ebtikarweb.com\/asmon\/wp-json\/wp\/v2\/users\/5"}],"replies":[{"embeddable":true,"href":"https:\/\/ebtikarweb.com\/asmon\/wp-json\/wp\/v2\/comments?post=377"}],"version-history":[{"count":154,"href":"https:\/\/ebtikarweb.com\/asmon\/wp-json\/wp\/v2\/pages\/377\/revisions"}],"predecessor-version":[{"id":1506,"href":"https:\/\/ebtikarweb.com\/asmon\/wp-json\/wp\/v2\/pages\/377\/revisions\/1506"}],"wp:attachment":[{"href":"https:\/\/ebtikarweb.com\/asmon\/wp-json\/wp\/v2\/media?parent=377"}],"curies":[{"name":"wp","href":"https:\/\/api.w.org\/{rel}","templated":true}]}}