{"id":378,"date":"2019-08-13T09:03:10","date_gmt":"2019-08-13T09:03:10","guid":{"rendered":"https:\/\/themes.muffingroup.com\/be\/seo3\/?page_id=16"},"modified":"2022-06-18T16:36:30","modified_gmt":"2022-06-18T16:36:30","slug":"about-us-2","status":"publish","type":"page","link":"https:\/\/ebtikarweb.com\/asmon\/about-us-2","title":{"rendered":"About us"},"content":{"rendered":"<p>A propos de nous<\/p>\n<style>\/*! elementor - v3.6.5 - 27-04-2022 *\/\n.elementor-heading-title{padding:0;margin:0;line-height:1}.elementor-widget-heading .elementor-heading-title[class*=elementor-size-]>a{color:inherit;font-size:inherit;line-height:inherit}.elementor-widget-heading .elementor-heading-title.elementor-size-small{font-size:15px}.elementor-widget-heading .elementor-heading-title.elementor-size-medium{font-size:19px}.elementor-widget-heading .elementor-heading-title.elementor-size-large{font-size:29px}.elementor-widget-heading .elementor-heading-title.elementor-size-xl{font-size:39px}.elementor-widget-heading .elementor-heading-title.elementor-size-xxl{font-size:59px}<\/style>\n<h2>Quelques mots sur nous<\/h2>\n<p><strong>EBTIKARWEB<\/strong> est une agence de communication bas\u00e9e sur Agadir, caract\u00e9ris\u00e9e par la ma\u00eetrise de ses sujets et ses r\u00e9sultats. sp\u00e9cialis\u00e9e dans la cr\u00e9ation des logiciels de gestion sur mesure et des sites web vitrine\/e-commerce&#8230;\u00a0<\/p>\n<p>Nous sommes sp\u00e9cialis\u00e9s dans le d\u00e9veloppement des syst\u00e8mes d&rsquo;informations sur mesure, la cr\u00e9ation, le suivi et la maintenance de sites vitrines, de sites marchands et de sites sur mesure, ainsi des logiciels de gestion et g\u00e9rons de mani\u00e8re globale les diff\u00e9rents projets confi\u00e9s par nos clients.<\/p>\n<link rel=\"stylesheet\" href=\"http:\/\/ebtikarweb.com\/wp-content\/plugins\/elementor\/assets\/css\/widget-icon-list.min.css\">\n<ul>\n<li>\n\t\t\t\t\t\t\t\t\t\tLogiciels de  gestion et syst\u00e8mes d&rsquo;informations\n\t\t\t\t\t\t\t\t\t<\/li>\n<li>\n\t\t\t\t\t\t\t\t\t\tCr\u00e9ation de sites web vitrine\/e-commerce\/sur mesure&#8230;\n\t\t\t\t\t\t\t\t\t<\/li>\n<li>\n\t\t\t\t\t\t\t\t\t\tMarketing digital\n\t\t\t\t\t\t\t\t\t<\/li>\n<\/ul>\n<p>\t\t\t<a href=\"http:\/\/ebtikarweb.com\/services-2\/\" role=\"button\"><br \/>\n\t\t\t\t\t\tVoir tous les services<br \/>\n\t\t\t\t\t<\/a><\/p>\n<style>\/*! elementor - v3.6.5 - 27-04-2022 *\/\n.elementor-counter .elementor-counter-number-wrapper{display:-webkit-box;display:-ms-flexbox;display:flex;font-size:69px;font-weight:600;line-height:1}.elementor-counter .elementor-counter-number-prefix,.elementor-counter .elementor-counter-number-suffix{-webkit-box-flex:1;-ms-flex-positive:1;flex-grow:1;white-space:pre-wrap}.elementor-counter .elementor-counter-number-prefix{text-align:right}.elementor-counter .elementor-counter-number-suffix{text-align:left}.elementor-counter .elementor-counter-title{text-align:center;font-size:19px;font-weight:400;line-height:2.5}<\/style>\n<p>\t\t\t\t+<br \/>\n\t\t\t\t0<br \/>\n\t\t\t\t\t\t\tProjets livr\u00e9s<br \/>\n\t\t\t\t+<br \/>\n\t\t\t\t0<br \/>\n\t\t\t\t\t\t\tClients satisfaits<br \/>\n\t\t\t\t+<br \/>\n\t\t\t\t0<br \/>\n\t\t\t\t\t\t\tServices offerts<\/p>\n<p><strong>Strat\u00e9gie de travail<\/strong><\/p>\n<p><b>La cr\u00e9ation de liens vers<\/b> des sites partenaires sur <b>Internet<\/b> est la sp\u00e9cialit\u00e9 <b>d&rsquo;EBTIKARWEB<\/b>\u00a0et nous y <b>sommes attach\u00e9s. Nous avons form\u00e9 une \u00e9quipe hautement qualifi\u00e9e et professionnelle<\/b> pour <b>pouvoir<\/b> fournir les solutions les plus <b>innovantes en<\/b> \u00e9quipe <b>encore plus efficacement.<\/b> <b>Force<\/b> de proposition, <b>efficace<\/b> et <b>cr\u00e9atif,<\/b> nous <b>d\u00e9finissons<\/b> votre projet, <b>concevons<\/b> votre strat\u00e9gie et <b>vous accompagnons<\/b> jusqu&rsquo;\u00e0 l&rsquo;atteinte de vos objectifs. Gr\u00e2ce \u00e0 notre personnel qualifi\u00e9 en d\u00e9veloppement web, webdesign, motion design, <b>navigation naturelle,<\/b> Google <b>AdWords,<\/b> et <b>cr\u00e9ation<\/b> de contenus optimis\u00e9s, nous <b>r\u00e9unissons toutes<\/b> les comp\u00e9tences n\u00e9cessaires <b>\u00e0<\/b> la r\u00e9alisation de vos ambitions.<\/p>\n<h2>Nos clients<\/h2>\n<style>\/*! elementor - v3.6.5 - 27-04-2022 *\/\n.elementor-widget-image{text-align:center}.elementor-widget-image a{display:inline-block}.elementor-widget-image a img[src$=\".svg\"]{width:48px}.elementor-widget-image img{vertical-align:middle;display:inline-block}<\/style>\n<p>\t\t\t\t\t\t\t\t\t\t\t\t<img width=\"1024\" height=\"586\" src=\"http:\/\/ebtikarweb.com\/wp-content\/uploads\/2022\/06\/IMG-20220611-WA0011-1024x586.jpg\" alt=\"\" loading=\"lazy\" srcset=\"http:\/\/ebtikarweb.com\/wp-content\/uploads\/2022\/06\/IMG-20220611-WA0011-1024x586.jpg 1024w, http:\/\/ebtikarweb.com\/wp-content\/uploads\/2022\/06\/IMG-20220611-WA0011-300x172.jpg 300w, http:\/\/ebtikarweb.com\/wp-content\/uploads\/2022\/06\/IMG-20220611-WA0011-768x439.jpg 768w, http:\/\/ebtikarweb.com\/wp-content\/uploads\/2022\/06\/IMG-20220611-WA0011-255x146.jpg 255w, http:\/\/ebtikarweb.com\/wp-content\/uploads\/2022\/06\/IMG-20220611-WA0011-50x29.jpg 50w, http:\/\/ebtikarweb.com\/wp-content\/uploads\/2022\/06\/IMG-20220611-WA0011-131x75.jpg 131w, http:\/\/ebtikarweb.com\/wp-content\/uploads\/2022\/06\/IMG-20220611-WA0011.jpg 1219w\" sizes=\"(max-width: 1024px) 100vw, 1024px\" \/><br \/>\n\t\t\t\t\t\t\t\t\t\t\t\t\t\t\t<img width=\"1024\" height=\"318\" src=\"http:\/\/ebtikarweb.com\/wp-content\/uploads\/2022\/06\/IMG-20220611-WA0010-1-1024x318.jpg\" alt=\"\" loading=\"lazy\" srcset=\"http:\/\/ebtikarweb.com\/wp-content\/uploads\/2022\/06\/IMG-20220611-WA0010-1-1024x318.jpg 1024w, http:\/\/ebtikarweb.com\/wp-content\/uploads\/2022\/06\/IMG-20220611-WA0010-1-300x93.jpg 300w, http:\/\/ebtikarweb.com\/wp-content\/uploads\/2022\/06\/IMG-20220611-WA0010-1-768x239.jpg 768w, http:\/\/ebtikarweb.com\/wp-content\/uploads\/2022\/06\/IMG-20220611-WA0010-1-260x81.jpg 260w, http:\/\/ebtikarweb.com\/wp-content\/uploads\/2022\/06\/IMG-20220611-WA0010-1-50x16.jpg 50w, http:\/\/ebtikarweb.com\/wp-content\/uploads\/2022\/06\/IMG-20220611-WA0010-1-150x47.jpg 150w, http:\/\/ebtikarweb.com\/wp-content\/uploads\/2022\/06\/IMG-20220611-WA0010-1.jpg 1072w\" sizes=\"(max-width: 1024px) 100vw, 1024px\" \/><br \/>\n\t\t\t\t\t\t\t\t\t\t\t\t\t\t\t<img width=\"261\" height=\"54\" src=\"http:\/\/ebtikarweb.com\/wp-content\/uploads\/2022\/06\/IMG-20220611-WA0007.jpg\" alt=\"\" loading=\"lazy\" srcset=\"http:\/\/ebtikarweb.com\/wp-content\/uploads\/2022\/06\/IMG-20220611-WA0007.jpg 261w, http:\/\/ebtikarweb.com\/wp-content\/uploads\/2022\/06\/IMG-20220611-WA0007-50x10.jpg 50w, http:\/\/ebtikarweb.com\/wp-content\/uploads\/2022\/06\/IMG-20220611-WA0007-150x31.jpg 150w\" sizes=\"(max-width: 261px) 100vw, 261px\" \/><br \/>\n\t\t\t\t\t\t\t\t\t\t\t\t\t\t\t<img width=\"990\" height=\"642\" src=\"http:\/\/ebtikarweb.com\/wp-content\/uploads\/2022\/06\/IMG-20220611-WA0009.jpg\" alt=\"\" loading=\"lazy\" srcset=\"http:\/\/ebtikarweb.com\/wp-content\/uploads\/2022\/06\/IMG-20220611-WA0009.jpg 990w, http:\/\/ebtikarweb.com\/wp-content\/uploads\/2022\/06\/IMG-20220611-WA0009-300x195.jpg 300w, http:\/\/ebtikarweb.com\/wp-content\/uploads\/2022\/06\/IMG-20220611-WA0009-768x498.jpg 768w, http:\/\/ebtikarweb.com\/wp-content\/uploads\/2022\/06\/IMG-20220611-WA0009-225x146.jpg 225w, http:\/\/ebtikarweb.com\/wp-content\/uploads\/2022\/06\/IMG-20220611-WA0009-50x32.jpg 50w, http:\/\/ebtikarweb.com\/wp-content\/uploads\/2022\/06\/IMG-20220611-WA0009-116x75.jpg 116w\" sizes=\"(max-width: 990px) 100vw, 990px\" \/><br \/>\n\t\t\t\t\t\t\t\t\t\t\t\t\t\t\t<img width=\"300\" height=\"168\" src=\"http:\/\/ebtikarweb.com\/wp-content\/uploads\/2022\/06\/IMG-20220611-WA0012.jpg\" alt=\"\" loading=\"lazy\" srcset=\"http:\/\/ebtikarweb.com\/wp-content\/uploads\/2022\/06\/IMG-20220611-WA0012.jpg 300w, http:\/\/ebtikarweb.com\/wp-content\/uploads\/2022\/06\/IMG-20220611-WA0012-260x146.jpg 260w, http:\/\/ebtikarweb.com\/wp-content\/uploads\/2022\/06\/IMG-20220611-WA0012-50x28.jpg 50w, http:\/\/ebtikarweb.com\/wp-content\/uploads\/2022\/06\/IMG-20220611-WA0012-134x75.jpg 134w\" sizes=\"(max-width: 300px) 100vw, 300px\" \/><br \/>\n\t\t\t\t\t\t\t\t\t\t\t\t\t\t\t<img width=\"225\" height=\"225\" src=\"http:\/\/ebtikarweb.com\/wp-content\/uploads\/2022\/06\/IMG-20220611-WA0013.jpg\" alt=\"\" loading=\"lazy\" srcset=\"http:\/\/ebtikarweb.com\/wp-content\/uploads\/2022\/06\/IMG-20220611-WA0013.jpg 225w, http:\/\/ebtikarweb.com\/wp-content\/uploads\/2022\/06\/IMG-20220611-WA0013-150x150.jpg 150w, http:\/\/ebtikarweb.com\/wp-content\/uploads\/2022\/06\/IMG-20220611-WA0013-146x146.jpg 146w, http:\/\/ebtikarweb.com\/wp-content\/uploads\/2022\/06\/IMG-20220611-WA0013-50x50.jpg 50w, http:\/\/ebtikarweb.com\/wp-content\/uploads\/2022\/06\/IMG-20220611-WA0013-75x75.jpg 75w, http:\/\/ebtikarweb.com\/wp-content\/uploads\/2022\/06\/IMG-20220611-WA0013-85x85.jpg 85w, http:\/\/ebtikarweb.com\/wp-content\/uploads\/2022\/06\/IMG-20220611-WA0013-80x80.jpg 80w\" sizes=\"(max-width: 225px) 100vw, 225px\" \/><br \/>\n\t\t\t\t\t\t\t\t\t\t\t\t\t\t\t<img width=\"380\" height=\"101\" src=\"http:\/\/ebtikarweb.com\/wp-content\/uploads\/2022\/06\/IMG-20220611-WA0005.jpg\" alt=\"\" loading=\"lazy\" srcset=\"http:\/\/ebtikarweb.com\/wp-content\/uploads\/2022\/06\/IMG-20220611-WA0005.jpg 380w, http:\/\/ebtikarweb.com\/wp-content\/uploads\/2022\/06\/IMG-20220611-WA0005-300x80.jpg 300w, http:\/\/ebtikarweb.com\/wp-content\/uploads\/2022\/06\/IMG-20220611-WA0005-260x69.jpg 260w, http:\/\/ebtikarweb.com\/wp-content\/uploads\/2022\/06\/IMG-20220611-WA0005-50x13.jpg 50w, http:\/\/ebtikarweb.com\/wp-content\/uploads\/2022\/06\/IMG-20220611-WA0005-150x40.jpg 150w\" sizes=\"(max-width: 380px) 100vw, 380px\" \/><br \/>\n\t\t\t\t\t\t\t\t\t\t\t\t\t\t\t<img width=\"425\" height=\"313\" src=\"http:\/\/ebtikarweb.com\/wp-content\/uploads\/2022\/06\/IMG-20220611-WA0006.jpg\" alt=\"\" loading=\"lazy\" srcset=\"http:\/\/ebtikarweb.com\/wp-content\/uploads\/2022\/06\/IMG-20220611-WA0006.jpg 425w, http:\/\/ebtikarweb.com\/wp-content\/uploads\/2022\/06\/IMG-20220611-WA0006-300x221.jpg 300w, http:\/\/ebtikarweb.com\/wp-content\/uploads\/2022\/06\/IMG-20220611-WA0006-198x146.jpg 198w, http:\/\/ebtikarweb.com\/wp-content\/uploads\/2022\/06\/IMG-20220611-WA0006-50x37.jpg 50w, http:\/\/ebtikarweb.com\/wp-content\/uploads\/2022\/06\/IMG-20220611-WA0006-102x75.jpg 102w\" sizes=\"(max-width: 425px) 100vw, 425px\" \/><br \/>\n\t\t\t\t\t\t\t\t\t\t\t\t\t\t\t<img width=\"692\" height=\"625\" src=\"http:\/\/ebtikarweb.com\/wp-content\/uploads\/2022\/06\/IMG-20220611-WA0008.jpg\" alt=\"\" loading=\"lazy\" srcset=\"http:\/\/ebtikarweb.com\/wp-content\/uploads\/2022\/06\/IMG-20220611-WA0008.jpg 692w, http:\/\/ebtikarweb.com\/wp-content\/uploads\/2022\/06\/IMG-20220611-WA0008-300x271.jpg 300w, http:\/\/ebtikarweb.com\/wp-content\/uploads\/2022\/06\/IMG-20220611-WA0008-162x146.jpg 162w, http:\/\/ebtikarweb.com\/wp-content\/uploads\/2022\/06\/IMG-20220611-WA0008-50x45.jpg 50w, http:\/\/ebtikarweb.com\/wp-content\/uploads\/2022\/06\/IMG-20220611-WA0008-83x75.jpg 83w\" sizes=\"(max-width: 692px) 100vw, 692px\" \/>\t\t\t\t\t\t\t\t\t\t\t\t\t\t\t<\/p>\n<p>Rejoignez-nous\u00a0<\/p>\n<p><strong>Newsletter<\/strong><\/p>\n<p>[contact-form-7 id=\u00a0\u00bb57&Prime; title=\u00a0\u00bbNewsletter\u00a0\u00bb]<\/p>\n","protected":false},"excerpt":{"rendered":"<p>A propos de nous Quelques mots sur nous EBTIKARWEB est une agence de communication bas\u00e9e sur Agadir, caract\u00e9ris\u00e9e par la ma\u00eetrise de ses sujets et ses<span class=\"excerpt-hellip\"> [\u2026]<\/span><\/p>\n","protected":false},"author":5,"featured_media":0,"parent":0,"menu_order":0,"comment_status":"closed","ping_status":"closed","template":"","meta":[],"_links":{"self":[{"href":"https:\/\/ebtikarweb.com\/asmon\/wp-json\/wp\/v2\/pages\/378"}],"collection":[{"href":"https:\/\/ebtikarweb.com\/asmon\/wp-json\/wp\/v2\/pages"}],"about":[{"href":"https:\/\/ebtikarweb.com\/asmon\/wp-json\/wp\/v2\/types\/page"}],"author":[{"embeddable":true,"href":"https:\/\/ebtikarweb.com\/asmon\/wp-json\/wp\/v2\/users\/5"}],"replies":[{"embeddable":true,"href":"https:\/\/ebtikarweb.com\/asmon\/wp-json\/wp\/v2\/comments?post=378"}],"version-history":[{"count":69,"href":"https:\/\/ebtikarweb.com\/asmon\/wp-json\/wp\/v2\/pages\/378\/revisions"}],"predecessor-version":[{"id":1083,"href":"https:\/\/ebtikarweb.com\/asmon\/wp-json\/wp\/v2\/pages\/378\/revisions\/1083"}],"wp:attachment":[{"href":"https:\/\/ebtikarweb.com\/asmon\/wp-json\/wp\/v2\/media?parent=378"}],"curies":[{"name":"wp","href":"https:\/\/api.w.org\/{rel}","templated":true}]}}