{"id":379,"date":"2019-08-13T09:03:28","date_gmt":"2019-08-13T09:03:28","guid":{"rendered":"https:\/\/themes.muffingroup.com\/be\/seo3\/?page_id=18"},"modified":"2022-06-01T00:26:52","modified_gmt":"2022-06-01T00:26:52","slug":"services-2","status":"publish","type":"page","link":"https:\/\/ebtikarweb.com\/asmon\/services-2","title":{"rendered":"Services"},"content":{"rendered":"<p>SERVICES<\/p>\n<p><strong>Nos diff\u00e9rents services\u00a0<\/strong><\/p>\n<p><strong>D\u00e9couvrir notre travail<\/strong><\/p>\n<p>Notre soci\u00e9t\u00e9 est sp\u00e9cialis\u00e9e dans la cr\u00e9ation de logiciels de gestion et sites internet . Cela se fait en communiquant avec les clients qui choisissent le type de projet et ses caract\u00e9ristiques \u00e0 travers un cahier de charge , et nous, \u00e0 notre tour, respectons toutes les \u00e9tapes de r\u00e9alisation avec des comp\u00e9tences et une qualit\u00e9 \u00e9lev\u00e9es.<\/p>\n<p>\t\t\t<a href=\"http:\/\/ebtikarweb.com\/nos-logiciels-de-gestion\/\" role=\"button\"><br \/>\n\t\t\t\t\t\tSolutions<br \/>\n\t\t\t\t\t<\/a><\/p>\n<h4>D\u00e9veloppement de logiciels sur mesure<\/h4>\n<p>Le d\u00e9veloppement de logiciels personnalis\u00e9s pr\u00e9sente plusieurs avantages notables qui propulsent votre entreprise vers de nouveaux sommets.<\/p>\n<p>Quel que soit le format final, ce projet num\u00e9rique r\u00e9pond \u00e0 un ensemble d&rsquo;exigences sp\u00e9cifiques propres \u00e0 l&rsquo;entreprise. Il pr\u00e9sente un haut degr\u00e9 de personnalisation.<\/p>\n<h4>Cr\u00e9ation des sites web<\/h4>\n<p>Au-del\u00e0 des sites Web vitrines, cr\u00e9ez des sites Web personnalis\u00e9s avec votre propre design attrayant. Cela am\u00e9liorera la visibilit\u00e9 et attirera de nouveaux clients.<\/p>\n<p>Nos sites internet d\u00e9velopp\u00e9s\u00a0 sont con\u00e7us pour d\u00e9velopper votre activit\u00e9, simplifier votre gestion et vous faire gagner beaucoup de temps.<\/p>\n<h4>Marketing digital<\/h4>\n<p>Les strat\u00e9gies num\u00e9riques pr\u00e9sentent plusieurs avantages qui peuvent \u00eatre appliqu\u00e9s \u00e0 des entreprises de tous types, de tailles et de moyens diff\u00e9rents.<\/p>\n<p><strong>Pourquoi les clients nous aiment?<\/strong><\/p>\n<p>La satisfaction client mesure la satisfaction client en fonction de l&rsquo;exp\u00e9rience client globale. Cela inclut non seulement leurs sentiments sur le service fourni, mais aussi la fa\u00e7on dont ils se sont sentis soutenus tout au long du parcours client. (Pensez \u00e0 : la communication, le support, la livraison, la disponibilit\u00e9 des informations). Nous avons gagn\u00e9 des clients fid\u00e8les en r\u00e9ponse aux besoins et aux attentes de nos clients. En fin de compte, la satisfaction du client est l&rsquo;indicateur le plus important de la fid\u00e9lit\u00e9 de la client\u00e8le.<\/p>\n<style>\/*! elementor - v3.6.5 - 27-04-2022 *\/\n.elementor-widget-image{text-align:center}.elementor-widget-image a{display:inline-block}.elementor-widget-image a img[src$=\".svg\"]{width:48px}.elementor-widget-image img{vertical-align:middle;display:inline-block}<\/style>\n<p>\t\t\t\t\t\t\t\t\t\t\t\t<img width=\"550\" height=\"337\" src=\"http:\/\/ebtikarweb.com\/wp-content\/uploads\/2022\/05\/acoustic_treatment_12.jpg\" alt=\"\" loading=\"lazy\" srcset=\"http:\/\/ebtikarweb.com\/wp-content\/uploads\/2022\/05\/acoustic_treatment_12.jpg 550w, http:\/\/ebtikarweb.com\/wp-content\/uploads\/2022\/05\/acoustic_treatment_12-300x184.jpg 300w, http:\/\/ebtikarweb.com\/wp-content\/uploads\/2022\/05\/acoustic_treatment_12-238x146.jpg 238w, http:\/\/ebtikarweb.com\/wp-content\/uploads\/2022\/05\/acoustic_treatment_12-50x31.jpg 50w, http:\/\/ebtikarweb.com\/wp-content\/uploads\/2022\/05\/acoustic_treatment_12-122x75.jpg 122w\" sizes=\"(max-width: 550px) 100vw, 550px\" \/>\t\t\t\t\t\t\t\t\t\t\t\t\t\t\t<\/p>\n<p>L\u2019engagement \u00e0 cr\u00e9er un milieu de travail sain<\/p>\n<p>\t\t\t\t\t\t\t\t\t\t\t\t\t\t\t<img width=\"600\" height=\"550\" src=\"http:\/\/ebtikarweb.com\/wp-content\/uploads\/2022\/05\/tic.jpg\" alt=\"\" loading=\"lazy\" srcset=\"http:\/\/ebtikarweb.com\/wp-content\/uploads\/2022\/05\/tic.jpg 600w, http:\/\/ebtikarweb.com\/wp-content\/uploads\/2022\/05\/tic-300x275.jpg 300w, http:\/\/ebtikarweb.com\/wp-content\/uploads\/2022\/05\/tic-159x146.jpg 159w, http:\/\/ebtikarweb.com\/wp-content\/uploads\/2022\/05\/tic-50x46.jpg 50w, http:\/\/ebtikarweb.com\/wp-content\/uploads\/2022\/05\/tic-82x75.jpg 82w\" sizes=\"(max-width: 600px) 100vw, 600px\" \/>\t\t\t\t\t\t\t\t\t\t\t\t\t\t\t<\/p>\n<p>Ponctualit\u00e9 avec les clients<\/p>\n<p>\t\t\t\t\t\t\t\t\t\t\t\t\t\t\t<img width=\"1024\" height=\"1024\" src=\"http:\/\/ebtikarweb.com\/wp-content\/uploads\/2022\/05\/OIP.jpg\" alt=\"\" loading=\"lazy\" srcset=\"http:\/\/ebtikarweb.com\/wp-content\/uploads\/2022\/05\/OIP.jpg 1024w, http:\/\/ebtikarweb.com\/wp-content\/uploads\/2022\/05\/OIP-300x300.jpg 300w, http:\/\/ebtikarweb.com\/wp-content\/uploads\/2022\/05\/OIP-150x150.jpg 150w, http:\/\/ebtikarweb.com\/wp-content\/uploads\/2022\/05\/OIP-768x768.jpg 768w, http:\/\/ebtikarweb.com\/wp-content\/uploads\/2022\/05\/OIP-146x146.jpg 146w, http:\/\/ebtikarweb.com\/wp-content\/uploads\/2022\/05\/OIP-50x50.jpg 50w, http:\/\/ebtikarweb.com\/wp-content\/uploads\/2022\/05\/OIP-75x75.jpg 75w, http:\/\/ebtikarweb.com\/wp-content\/uploads\/2022\/05\/OIP-85x85.jpg 85w, http:\/\/ebtikarweb.com\/wp-content\/uploads\/2022\/05\/OIP-80x80.jpg 80w\" sizes=\"(max-width: 1024px) 100vw, 1024px\" \/>\t\t\t\t\t\t\t\t\t\t\t\t\t\t\t<\/p>\n<p>Travail acharn\u00e9 et ma\u00eetrise avec des comp\u00e9tences \u00e9lev\u00e9es<\/p>\n<p>\t\t\t<a href=\"http:\/\/ebtikarweb.com\/about-us-2\/\" role=\"button\"><br \/>\n\t\t\t\t\t\tA propos de nous<br \/>\n\t\t\t\t\t<\/a><\/p>\n<p>Rejoignez-nous<\/p>\n<p><strong>Newsletter<\/strong><\/p>\n<p>[contact-form-7 id=\u00a0\u00bb57&Prime; title=\u00a0\u00bbNewsletter\u00a0\u00bb]<\/p>\n","protected":false},"excerpt":{"rendered":"<p>SERVICES Nos diff\u00e9rents services\u00a0 D\u00e9couvrir notre travail Notre soci\u00e9t\u00e9 est sp\u00e9cialis\u00e9e dans la cr\u00e9ation de logiciels de gestion et sites internet . Cela se fait en<span class=\"excerpt-hellip\"> [\u2026]<\/span><\/p>\n","protected":false},"author":5,"featured_media":0,"parent":0,"menu_order":0,"comment_status":"closed","ping_status":"closed","template":"","meta":[],"_links":{"self":[{"href":"https:\/\/ebtikarweb.com\/asmon\/wp-json\/wp\/v2\/pages\/379"}],"collection":[{"href":"https:\/\/ebtikarweb.com\/asmon\/wp-json\/wp\/v2\/pages"}],"about":[{"href":"https:\/\/ebtikarweb.com\/asmon\/wp-json\/wp\/v2\/types\/page"}],"author":[{"embeddable":true,"href":"https:\/\/ebtikarweb.com\/asmon\/wp-json\/wp\/v2\/users\/5"}],"replies":[{"embeddable":true,"href":"https:\/\/ebtikarweb.com\/asmon\/wp-json\/wp\/v2\/comments?post=379"}],"version-history":[{"count":39,"href":"https:\/\/ebtikarweb.com\/asmon\/wp-json\/wp\/v2\/pages\/379\/revisions"}],"predecessor-version":[{"id":962,"href":"https:\/\/ebtikarweb.com\/asmon\/wp-json\/wp\/v2\/pages\/379\/revisions\/962"}],"wp:attachment":[{"href":"https:\/\/ebtikarweb.com\/asmon\/wp-json\/wp\/v2\/media?parent=379"}],"curies":[{"name":"wp","href":"https:\/\/api.w.org\/{rel}","templated":true}]}}